{"id":4035,"date":"2016-02-20T11:49:12","date_gmt":"2016-02-20T10:49:12","guid":{"rendered":"http:\/\/reichert.bz\/DE\/?page_id=4035"},"modified":"2023-01-17T22:44:39","modified_gmt":"2023-01-17T21:44:39","slug":"raum-begruenung","status":"publish","type":"page","link":"http:\/\/reichert.bz\/it\/raum-begruenung\/","title":{"rendered":"ARREDO VERDE INTERNO"},"content":{"rendered":"<div class=\"wpb-content-wrapper\"><p>[vc_row full_width=&#8221;stretch_row&#8221; content_placement=&#8221;middle&#8221; parallax=&#8221;content-moving-fade&#8221; parallax_image=&#8221;4238&#8243; bg_type=&#8221;image&#8221; parallax_style=&#8221;vcpb-default&#8221; bg_image_new=&#8221;id^4605|url^http:\/\/reichert.bz\/wp-content\/uploads\/2016\/02\/decoration-1844906_1280.jpg|caption^null|alt^null|title^decoration-1844906_1280|description^null&#8221;][vc_column width=&#8221;1\/4&#8243;][\/vc_column][vc_column width=&#8221;3\/4&#8243; offset=&#8221;vc_hidden-sm vc_hidden-xs&#8221;][vc_custom_heading text=&#8221;ARREDO VERDE INTERNO&#8221; font_container=&#8221;tag:h6|text_align:center|color:%23ffffff|line_height:5&#8243; use_theme_fonts=&#8221;yes&#8221;][\/vc_column][\/vc_row][vc_row][vc_column][vc_empty_space height=&#8221;92px&#8221;][\/vc_column][\/vc_row][vc_row][vc_column width=&#8221;1\/12&#8243;][\/vc_column][vc_column width=&#8221;4\/12&#8243;][vc_custom_heading text=&#8221;INDOOR BEGR\u00dcNUNG&#8221; font_container=&#8221;tag:h1|font_size:40|text_align:left|line_height:2&#8243; use_theme_fonts=&#8221;yes&#8221;][vc_column_text]<\/p>\n<h3>Einen tropischen Traumgarten in Ihren vier W\u00e4nden, von Drachenb\u00e4umen \u00fcber Ficus und Bananen bis zu der ganzen Vielfalt der Orchideen ein sch\u00f6nen Paradies f\u00fcr Ihr Zuhause schaffen.<\/h3>\n<h3>Alle Pflanzen produzieren Sauerstoff, nehmen teilweise Schadstoffe auf und verarbeiten diese und erh\u00f6hen im Winter auch die Luftfeuchte, so dass Sie ein angenehmes Raumklima genie\u00dfen k\u00f6nnen.<\/h3>\n<h3>Zu den sch\u00f6nen tropischen Gew\u00e4chsen haben wir auch die notwendigen Gef\u00e4\u00dfe dazu, dass diese auch passend zu Ihren Raum Ambiente sind.<\/h3>\n<h3>Ob die Pflanzen in Hydrokultur, Seramis oder Lechuza gepflanzt werden, wir k\u00f6nnen Ihnen die notwendigen Beratung geben, so dass Sie f\u00fcr Ihre Pflanzen auch das richtige Bew\u00e4sserungssystem aussuchen k\u00f6nnen.<\/h3>\n<h3>So k\u00f6nnen Sie auch getrost in den Urlaub fahren und die Pflanzen werden inzwischen alleine versorgt, dass sie auch noch sch\u00f6n aussehen, wenn Sie wieder zur\u00fcck kommen.<\/h3>\n<p>[\/vc_column_text][\/vc_column][vc_column width=&#8221;2\/12&#8243;][\/vc_column][vc_column width=&#8221;4\/12&#8243;][vc_single_image image=&#8221;4391&#8243; img_size=&#8221;large&#8221;][\/vc_column][vc_column width=&#8221;1\/12&#8243;][\/vc_column][\/vc_row][vc_row][vc_column width=&#8221;1\/12&#8243;][\/vc_column][vc_column width=&#8221;10\/12&#8243;][vc_masonry_media_grid grid_id=&#8221;vc_gid:1485888101675-e4db3de3-bdec-6&#8243; include=&#8221;4392,4394,4391&#8243;][\/vc_column][vc_column width=&#8221;1\/12&#8243;][\/vc_column][\/vc_row][vc_row][vc_column][vc_empty_space height=&#8221;120&#8243;][\/vc_column][\/vc_row]<\/p>\n<\/div>","protected":false},"excerpt":{"rendered":"<p>[vc_row full_width=&#8221;stretch_row&#8221; content_placement=&#8221;middle&#8221; parallax=&#8221;content-moving-fade&#8221; parallax_image=&#8221;4238&#8243; bg_type=&#8221;image&#8221; parallax_style=&#8221;vcpb-default&#8221; bg_image_new=&#8221;id^4605|url^http:\/\/reichert.bz\/wp-content\/uploads\/2016\/02\/decoration-1844906_1280.jpg|caption^null|alt^null|title^decoration-1844906_1280|description^null&#8221;][vc_column width=&#8221;1\/4&#8243;][\/vc_column][vc_column width=&#8221;3\/4&#8243; offset=&#8221;vc_hidden-sm vc_hidden-xs&#8221;][vc_custom_heading text=&#8221;ARREDO VERDE INTERNO&#8221; font_container=&#8221;tag:h6|text_align:center|color:%23ffffff|line_height:5&#8243; use_theme_fonts=&#8221;yes&#8221;][\/vc_column][\/vc_row][vc_row][vc_column][vc_empty_space height=&#8221;92px&#8221;][\/vc_column][\/vc_row][vc_row][vc_column width=&#8221;1\/12&#8243;][\/vc_column][vc_column width=&#8221;4\/12&#8243;][vc_custom_heading text=&#8221;INDOOR BEGR\u00dcNUNG&#8221; font_container=&#8221;tag:h1|font_size:40|text_align:left|line_height:2&#8243; use_theme_fonts=&#8221;yes&#8221;][vc_column_text] Einen tropischen Traumgarten in Ihren vier W\u00e4nden, von Drachenb\u00e4umen \u00fcber Ficus und Bananen bis zu der ganzen Vielfalt der Orchideen ein sch\u00f6nen Paradies f\u00fcr Ihr Zuhause schaffen. Alle Pflanzen produzieren Sauerstoff, [&hellip;]<\/p>\n","protected":false},"author":1,"featured_media":0,"parent":0,"menu_order":0,"comment_status":"closed","ping_status":"closed","template":"","meta":{"footnotes":""},"class_list":["post-4035","page","type-page","status-publish","hentry"],"_links":{"self":[{"href":"http:\/\/reichert.bz\/it\/wp-json\/wp\/v2\/pages\/4035","targetHints":{"allow":["GET"]}}],"collection":[{"href":"http:\/\/reichert.bz\/it\/wp-json\/wp\/v2\/pages"}],"about":[{"href":"http:\/\/reichert.bz\/it\/wp-json\/wp\/v2\/types\/page"}],"author":[{"embeddable":true,"href":"http:\/\/reichert.bz\/it\/wp-json\/wp\/v2\/users\/1"}],"replies":[{"embeddable":true,"href":"http:\/\/reichert.bz\/it\/wp-json\/wp\/v2\/comments?post=4035"}],"version-history":[{"count":12,"href":"http:\/\/reichert.bz\/it\/wp-json\/wp\/v2\/pages\/4035\/revisions"}],"predecessor-version":[{"id":5565,"href":"http:\/\/reichert.bz\/it\/wp-json\/wp\/v2\/pages\/4035\/revisions\/5565"}],"wp:attachment":[{"href":"http:\/\/reichert.bz\/it\/wp-json\/wp\/v2\/media?parent=4035"}],"curies":[{"name":"wp","href":"https:\/\/api.w.org\/{rel}","templated":true}]}}