{"id":4020,"date":"2016-02-19T21:27:43","date_gmt":"2016-02-19T20:27:43","guid":{"rendered":"http:\/\/reichert.bz\/DE\/?page_id=4020"},"modified":"2019-08-06T02:36:30","modified_gmt":"2019-08-06T00:36:30","slug":"trauerfloristik","status":"publish","type":"page","link":"http:\/\/reichert.bz\/it\/trauerfloristik\/","title":{"rendered":"FLORISTICA FUNEBRI"},"content":{"rendered":"<div class=\"wpb-content-wrapper\"><p>[vc_row full_width=&#8221;stretch_row&#8221; parallax=&#8221;content-moving&#8221; parallax_image=&#8221;4265&#8243; bg_type=&#8221;image&#8221; parallax_style=&#8221;vcpb-default&#8221; bg_image_new=&#8221;id^4424|url^http:\/\/reichert.bz\/wp-content\/uploads\/2016\/02\/Kr\u00e4nze2012-002-1024&#215;683.jpg|caption^null|alt^null|title^kraenze2012-002-1024&#215;683|description^null&#8221;][vc_column offset=&#8221;vc_hidden-sm vc_hidden-xs&#8221;][vc_custom_heading text=&#8221;FLORISTICA FUNEBRI&#8221; font_container=&#8221;tag:h6|text_align:center|color:%23ffffff|line_height:6&#8243; use_theme_fonts=&#8221;yes&#8221;][\/vc_column][\/vc_row][vc_row][vc_column][vc_empty_space height=&#8221;92&#8243;][\/vc_column][\/vc_row][vc_row][vc_column width=&#8221;1\/12&#8243;][\/vc_column][vc_column width=&#8221;4\/12&#8243;][vc_custom_heading text=&#8221;TRAUERFLORISTIK&#8221; font_container=&#8221;tag:h1|font_size:40|text_align:left|line_height:2&#8243; use_theme_fonts=&#8221;yes&#8221;][vc_column_text]<\/p>\n<h3>F\u00fcr die Trauerfeier der Verstorbenen k\u00f6nnen wir verschiedenen Blumenschmuck vorbereiten, sei des ein Sarggesteck, ein Kranz, ein Gesteck oder eine Pflanzenschale, sie werden ganz individuell f\u00fcr Sie angefertigt. Passend dazu machen wir auch eine Schleife, diese wir nach Ihren Textangaben angefertigt und farblich mit den Blumen abgestimmt. Wir haben immer Schnittblumen in der G\u00e4rtnerei und k\u00f6nnen daher Ihnen auch die verschiedenen Farbkombinationen zeigen oder auf Wunsch bis zum n\u00e4chsten Tag die richtige Blumen und Farbe bestellen.<\/h3>\n<p>[\/vc_column_text][\/vc_column][vc_column width=&#8221;1\/12&#8243;][\/vc_column][vc_column width=&#8221;5\/12&#8243;][vc_single_image image=&#8221;4423&#8243; img_size=&#8221;full&#8221; alignment=&#8221;right&#8221;][\/vc_column][vc_column width=&#8221;1\/12&#8243;][\/vc_column][\/vc_row][vc_row css=&#8221;.vc_custom_1565049738119{background-color: #353535 !important;}&#8221;][vc_column width=&#8221;1\/12&#8243;][\/vc_column][vc_column width=&#8221;10\/12&#8243;][vc_empty_space height=&#8221;60&#8243;][vc_images_carousel images=&#8221;4424,4482,4422,4481,4483,4485,4484&#8243; img_size=&#8221;large&#8221; slides_per_view=&#8221;3&#8243; autoplay=&#8221;yes&#8221; wrap=&#8221;yes&#8221;][\/vc_column][vc_column width=&#8221;1\/12&#8243;][\/vc_column][\/vc_row][vc_row][vc_column][vc_empty_space height=&#8221;60&#8243;][vc_empty_space height=&#8221;60&#8243;][\/vc_column][\/vc_row]<\/p>\n<\/div>","protected":false},"excerpt":{"rendered":"<p>[vc_row full_width=&#8221;stretch_row&#8221; parallax=&#8221;content-moving&#8221; parallax_image=&#8221;4265&#8243; bg_type=&#8221;image&#8221; parallax_style=&#8221;vcpb-default&#8221; bg_image_new=&#8221;id^4424|url^http:\/\/reichert.bz\/wp-content\/uploads\/2016\/02\/Kr\u00e4nze2012-002-1024&#215;683.jpg|caption^null|alt^null|title^kraenze2012-002-1024&#215;683|description^null&#8221;][vc_column offset=&#8221;vc_hidden-sm vc_hidden-xs&#8221;][vc_custom_heading text=&#8221;FLORISTICA FUNEBRI&#8221; font_container=&#8221;tag:h6|text_align:center|color:%23ffffff|line_height:6&#8243; use_theme_fonts=&#8221;yes&#8221;][\/vc_column][\/vc_row][vc_row][vc_column][vc_empty_space height=&#8221;92&#8243;][\/vc_column][\/vc_row][vc_row][vc_column width=&#8221;1\/12&#8243;][\/vc_column][vc_column width=&#8221;4\/12&#8243;][vc_custom_heading text=&#8221;TRAUERFLORISTIK&#8221; font_container=&#8221;tag:h1|font_size:40|text_align:left|line_height:2&#8243; use_theme_fonts=&#8221;yes&#8221;][vc_column_text] F\u00fcr die Trauerfeier der Verstorbenen k\u00f6nnen wir verschiedenen Blumenschmuck vorbereiten, sei des ein Sarggesteck, ein Kranz, ein Gesteck oder eine Pflanzenschale, sie werden ganz individuell f\u00fcr Sie angefertigt. Passend dazu machen wir auch eine Schleife, diese [&hellip;]<\/p>\n","protected":false},"author":1,"featured_media":0,"parent":0,"menu_order":0,"comment_status":"closed","ping_status":"closed","template":"","meta":{"footnotes":""},"class_list":["post-4020","page","type-page","status-publish","hentry"],"_links":{"self":[{"href":"http:\/\/reichert.bz\/it\/wp-json\/wp\/v2\/pages\/4020","targetHints":{"allow":["GET"]}}],"collection":[{"href":"http:\/\/reichert.bz\/it\/wp-json\/wp\/v2\/pages"}],"about":[{"href":"http:\/\/reichert.bz\/it\/wp-json\/wp\/v2\/types\/page"}],"author":[{"embeddable":true,"href":"http:\/\/reichert.bz\/it\/wp-json\/wp\/v2\/users\/1"}],"replies":[{"embeddable":true,"href":"http:\/\/reichert.bz\/it\/wp-json\/wp\/v2\/comments?post=4020"}],"version-history":[{"count":9,"href":"http:\/\/reichert.bz\/it\/wp-json\/wp\/v2\/pages\/4020\/revisions"}],"predecessor-version":[{"id":4428,"href":"http:\/\/reichert.bz\/it\/wp-json\/wp\/v2\/pages\/4020\/revisions\/4428"}],"wp:attachment":[{"href":"http:\/\/reichert.bz\/it\/wp-json\/wp\/v2\/media?parent=4020"}],"curies":[{"name":"wp","href":"https:\/\/api.w.org\/{rel}","templated":true}]}}