{"id":4016,"date":"2016-02-19T21:12:11","date_gmt":"2016-02-19T20:12:11","guid":{"rendered":"http:\/\/reichert.bz\/DE\/?page_id=4016"},"modified":"2017-01-31T19:39:35","modified_gmt":"2017-01-31T18:39:35","slug":"grabgestaltung","status":"publish","type":"page","link":"http:\/\/reichert.bz\/it\/grabgestaltung\/","title":{"rendered":"ADDOBBI FLOREALI PER TOMBE"},"content":{"rendered":"<div class=\"wpb-content-wrapper\"><p>[vc_row full_width=&#8221;stretch_row&#8221; bg_type=&#8221;image&#8221; parallax_style=&#8221;vcpb-default&#8221; bg_image_new=&#8221;id^4387|url^http:\/\/reichert.bz\/wp-content\/uploads\/2016\/12\/Background02-1024&#215;1024.jpg|caption^null|alt^null|title^background02-1024&#215;1024|description^null&#8221; bg_image_repeat=&#8221;no-repeat&#8221;][vc_column offset=&#8221;vc_hidden-sm vc_hidden-xs&#8221;][vc_custom_heading text=&#8221;ADDOBBI FLOREALI PER TOMBE&#8221; font_container=&#8221;tag:h6|text_align:center|color:%23ffffff|line_height:5&#8243; use_theme_fonts=&#8221;yes&#8221; skin=&#8221;light&#8221;][\/vc_column][\/vc_row][vc_row][vc_column][vc_empty_space height=&#8221;92px&#8221;][\/vc_column][\/vc_row][vc_row][vc_column width=&#8221;1\/12&#8243;][\/vc_column][vc_column width=&#8221;4\/12&#8243;][vc_custom_heading text=&#8221;GRABGESTALTUNG&#8221; font_container=&#8221;tag:h1|font_size:40|text_align:left|line_height:2&#8243; use_theme_fonts=&#8221;yes&#8221;][vc_column_text]<\/p>\n<h3>Der Friedhof eine Ruhest\u00e4tte unserer Lieben an die wir denken. Blumen sind auch ein Ausdruck daf\u00fcr. Wir helfen Ihnen bei der Auswahl der geeigneten Blumen f\u00fcr Ihr Grab, dass diese auch \u00fcber lange Zeit immer sch\u00f6n gedeihen und bl\u00fchen.<\/h3>\n<h3>Gerne \u00fcbernehmen wir auch das Anpflanzen an Ihren Grab und sorgen daf\u00fcr, dass die Pflanzen auch gut anwachsen. Auch das regelm\u00e4\u00dfige Gie\u00dfen und D\u00fcngen \u00fcber die ganze Saison k\u00f6nnen wir auch \u00fcbernehmen.<br \/>\nEine neue Gestaltung der Grabpflanzen k\u00f6nnen \u00a0wir zusammen mit Ihnen planen, das k\u00f6nnen Immergr\u00fcne Pflanzen kombiniert mit wechselnder Bepflanzung sein. Ganz individuell, da gibt es sehr viele M\u00f6glichkeiten.<\/h3>\n<p>[\/vc_column_text][\/vc_column][vc_column width=&#8221;1\/12&#8243;][\/vc_column][vc_column width=&#8221;5\/12&#8243;][vc_single_image image=&#8221;4430&#8243; img_size=&#8221;large&#8221; alignment=&#8221;right&#8221;][\/vc_column][vc_column width=&#8221;1\/12&#8243;][\/vc_column][\/vc_row][vc_row][vc_column width=&#8221;1\/12&#8243;][\/vc_column][vc_column width=&#8221;10\/12&#8243;][vc_masonry_media_grid gap=&#8221;20&#8243; grid_id=&#8221;vc_gid:1485887944722-d49c0afe-78bb-0&#8243; include=&#8221;4436,4433,4435,4434,4432,4431&#8243;][\/vc_column][vc_column width=&#8221;1\/12&#8243;][\/vc_column][\/vc_row]<\/p>\n<\/div>","protected":false},"excerpt":{"rendered":"<p>[vc_row full_width=&#8221;stretch_row&#8221; bg_type=&#8221;image&#8221; parallax_style=&#8221;vcpb-default&#8221; bg_image_new=&#8221;id^4387|url^http:\/\/reichert.bz\/wp-content\/uploads\/2016\/12\/Background02-1024&#215;1024.jpg|caption^null|alt^null|title^background02-1024&#215;1024|description^null&#8221; bg_image_repeat=&#8221;no-repeat&#8221;][vc_column offset=&#8221;vc_hidden-sm vc_hidden-xs&#8221;][vc_custom_heading text=&#8221;ADDOBBI FLOREALI PER TOMBE&#8221; font_container=&#8221;tag:h6|text_align:center|color:%23ffffff|line_height:5&#8243; use_theme_fonts=&#8221;yes&#8221; skin=&#8221;light&#8221;][\/vc_column][\/vc_row][vc_row][vc_column][vc_empty_space height=&#8221;92px&#8221;][\/vc_column][\/vc_row][vc_row][vc_column width=&#8221;1\/12&#8243;][\/vc_column][vc_column width=&#8221;4\/12&#8243;][vc_custom_heading text=&#8221;GRABGESTALTUNG&#8221; font_container=&#8221;tag:h1|font_size:40|text_align:left|line_height:2&#8243; use_theme_fonts=&#8221;yes&#8221;][vc_column_text] Der Friedhof eine Ruhest\u00e4tte unserer Lieben an die wir denken. Blumen sind auch ein Ausdruck daf\u00fcr. Wir helfen Ihnen bei der Auswahl der geeigneten Blumen f\u00fcr Ihr Grab, dass diese auch \u00fcber lange Zeit [&hellip;]<\/p>\n","protected":false},"author":1,"featured_media":0,"parent":0,"menu_order":0,"comment_status":"closed","ping_status":"closed","template":"","meta":{"footnotes":""},"class_list":["post-4016","page","type-page","status-publish","hentry"],"_links":{"self":[{"href":"http:\/\/reichert.bz\/it\/wp-json\/wp\/v2\/pages\/4016","targetHints":{"allow":["GET"]}}],"collection":[{"href":"http:\/\/reichert.bz\/it\/wp-json\/wp\/v2\/pages"}],"about":[{"href":"http:\/\/reichert.bz\/it\/wp-json\/wp\/v2\/types\/page"}],"author":[{"embeddable":true,"href":"http:\/\/reichert.bz\/it\/wp-json\/wp\/v2\/users\/1"}],"replies":[{"embeddable":true,"href":"http:\/\/reichert.bz\/it\/wp-json\/wp\/v2\/comments?post=4016"}],"version-history":[{"count":13,"href":"http:\/\/reichert.bz\/it\/wp-json\/wp\/v2\/pages\/4016\/revisions"}],"predecessor-version":[{"id":4621,"href":"http:\/\/reichert.bz\/it\/wp-json\/wp\/v2\/pages\/4016\/revisions\/4621"}],"wp:attachment":[{"href":"http:\/\/reichert.bz\/it\/wp-json\/wp\/v2\/media?parent=4016"}],"curies":[{"name":"wp","href":"https:\/\/api.w.org\/{rel}","templated":true}]}}